{"id":72,"date":"2023-11-12T20:49:33","date_gmt":"2023-11-12T20:49:33","guid":{"rendered":"https:\/\/sindromdownbacau.ro\/?page_id=72"},"modified":"2024-11-06T15:25:23","modified_gmt":"2024-11-06T13:25:23","slug":"proiecte","status":"publish","type":"page","link":"https:\/\/sindromdownbacau.ro\/?page_id=72","title":{"rendered":"Proiecte"},"content":{"rendered":"\t\t<div data-elementor-type=\"wp-page\" data-elementor-id=\"72\" class=\"elementor elementor-72\" data-elementor-settings=\"{&quot;ha_cmc_init_switcher&quot;:&quot;no&quot;}\">\n\t\t\t\t<div class=\"elementor-element elementor-element-9bb168f e-con-full e-flex e-con e-parent\" data-id=\"9bb168f\" data-element_type=\"container\" data-e-type=\"container\" data-settings=\"{&quot;background_background&quot;:&quot;classic&quot;,&quot;_ha_eqh_enable&quot;:false}\">\n\t\t<div class=\"elementor-element elementor-element-b3c94b6 e-con-full e-flex e-con e-child\" data-id=\"b3c94b6\" data-element_type=\"container\" data-e-type=\"container\" data-settings=\"{&quot;_ha_eqh_enable&quot;:false}\">\n\t\t<div class=\"elementor-element elementor-element-a6c22b1 e-con-full e-flex e-con e-child\" data-id=\"a6c22b1\" data-element_type=\"container\" data-e-type=\"container\" data-settings=\"{&quot;_ha_eqh_enable&quot;:false}\">\n\t\t<div class=\"elementor-element elementor-element-767f9ac e-con-full e-flex e-con e-child\" data-id=\"767f9ac\" data-element_type=\"container\" data-e-type=\"container\" data-settings=\"{&quot;_ha_eqh_enable&quot;:false}\">\n\t\t\t\t<div class=\"elementor-element elementor-element-eb4a607 exad-sticky-section-no exad-glass-effect-no elementor-widget elementor-widget-exad-news-ticker\" data-id=\"eb4a607\" data-element_type=\"widget\" data-e-type=\"widget\" data-widget_type=\"exad-news-ticker.default\">\n\t\t\t\t<div class=\"elementor-widget-container\">\n\t\t\t\t\t        <div class=\"exad-news-ticker\" data-autoplay=\"true\" data-fixed_position=\"none\" data-pause_on_hover=\"true\" data-direction=\"ltr\" data-autoplay_interval=\"\" data-animation_speed=\"2\" data-ticker_height=\"70\" data-animation=\"scroll\">\r\n                            <div class=\"exad-bn-label  no\" >\r\n                    <div class=\"exad-nt-label\">\r\n                                            <span class=\"exad-news-ticker-icon\">\r\n                                                    <\/span>                               \r\n                                            <span  >Olimpicii ASD Bac\u0103u<\/span>\r\n                                        <\/div>\r\n                <\/div>\r\n            \r\n            <div class=\"exad-nt-news\">\r\n                                    <ul>\r\n                                                <li>\r\n                                <a href=\"#\" >\r\n                                    <span  >ASD Bac\u0103u prin membrii Oteli\u021b\u0103 Ilinca \u0219i Boghiu Darius, preg\u0103ti\u021bi de antrenorul Oteli\u021b\u0103 Florin,  au participat cu succes \u00een cadrul Special Oympics Rom\u00e2nia la Jocurile Mondiale de Var\u0103 Special Oympics  de la Berlin \u00een 2023.<\/span>\r\n                                <\/a>\r\n                            <\/li>\r\n                                                    <li>\r\n                                <a href=\"#\" >\r\n                                    <span  >ASD Bac\u0103u prin membrii Oteli\u021b\u0103 Ilinca \u0219i Boghiu Darius, preg\u0103ti\u021bi de antrenorul Oteli\u021b\u0103 Florin,  au participat cu succes \u00een cadrul Special Oympics Rom\u00e2nia la Jocurile Mondiale de Var\u0103 Special Oympics  de la Berlin \u00een 2023.<\/span>\r\n                                <\/a>\r\n                            <\/li>\r\n                                            <\/ul>\r\n                            <\/div>\r\n\r\n                    <\/div>\r\n    \t\t\t\t<\/div>\n\t\t\t\t<\/div>\n\t\t\t\t<\/div>\n\t\t\t\t<\/div>\n\t\t\t\t<\/div>\n\t\t\t\t<\/div>\n\t\t<div class=\"elementor-element elementor-element-cdf4d29 e-flex e-con-boxed e-con e-parent\" data-id=\"cdf4d29\" data-element_type=\"container\" data-e-type=\"container\" data-settings=\"{&quot;_ha_eqh_enable&quot;:false}\">\n\t\t\t\t\t<div class=\"e-con-inner\">\n\t\t\t\t<div class=\"elementor-element elementor-element-f794bbe exad-sticky-section-no exad-glass-effect-no elementor-widget elementor-widget-text-editor\" data-id=\"f794bbe\" data-element_type=\"widget\" data-e-type=\"widget\" data-widget_type=\"text-editor.default\">\n\t\t\t\t<div class=\"elementor-widget-container\">\n\t\t\t\t\t\t\t\t\t<p><a href=\"https:\/\/specialolympics.ro\/proiectul-helathy-athletes-isi-continua-misiunea\/\" target=\"_blank\" rel=\"noopener\">Proiectul Helathy Athletes &#8211; Special Olympics Romania<\/a><\/p><p><img fetchpriority=\"high\" decoding=\"async\" class=\"wp-image-543 size-full aligncenter\" src=\"https:\/\/sindromdownbacau.ro\/wp-content\/uploads\/2023\/12\/health.jpg\" alt=\"\" width=\"900\" height=\"600\" srcset=\"https:\/\/sindromdownbacau.ro\/wp-content\/uploads\/2023\/12\/health.jpg 900w, https:\/\/sindromdownbacau.ro\/wp-content\/uploads\/2023\/12\/health-300x200.jpg 300w, https:\/\/sindromdownbacau.ro\/wp-content\/uploads\/2023\/12\/health-768x512.jpg 768w, https:\/\/sindromdownbacau.ro\/wp-content\/uploads\/2023\/12\/health-24x16.jpg 24w, https:\/\/sindromdownbacau.ro\/wp-content\/uploads\/2023\/12\/health-36x24.jpg 36w, https:\/\/sindromdownbacau.ro\/wp-content\/uploads\/2023\/12\/health-48x32.jpg 48w\" sizes=\"(max-width: 900px) 100vw, 900px\" \/><\/p><p>\u00a0 \u00a0 Proiectul Healthy Athletes a prins contur \u0219i a evoluat cu succes \u00een ultimii doi ani.\u00a0 Activit\u0103\u021bile diverse pe care le-am organizat au continuat s\u0103 atrag\u0103 aten\u021bia \u0219i s\u0103 inspire mai multe persoane s\u0103 urmeze un stil de via\u021b\u0103 s\u0103n\u0103tos.<\/p><p>\u00a0 \u00a0Un aspect cheie al proiectului Healthy Athletes const\u0103 \u00een organizarea sesiunilor regulate de fitness, care sunt conduse de antrenorii cluburilor, \u0219i se axeaz\u0103 pe tipuri variate de antrenament ce utilizeaz\u0103 diverse echipamente sportive. \u00cen ultimul an, 80 de sportivi cu dizabilit\u0103\u021bi intelectuale din<strong>\u00a0Ia<\/strong><strong>\u0219<\/strong><strong>i (Asocia<\/strong><strong>\u021b<\/strong><strong>ia Sportiv<\/strong><strong>\u0103<\/strong> <strong>\u0218<\/strong><strong>colar<\/strong><strong>\u0103<\/strong><strong> Constantin P<\/strong><strong>\u0103<\/strong><strong>unescu Ia<\/strong><strong>\u0219<\/strong><strong>i), Bac<\/strong><strong>\u0103<\/strong><strong>u (Asocia<\/strong><strong>\u021b<\/strong><strong>ia Club Sportiv Bac<\/strong><strong>\u0103<\/strong><strong>u), Gala<\/strong><strong>\u021b<\/strong><strong>i (Asocia<\/strong><strong>\u021b<\/strong><strong>ia Fantasticii Down Gala<\/strong><strong>\u021b<\/strong><strong>i), Prahova (Asocia<\/strong><strong>\u021b<\/strong><strong>ia Sindrom Down Ploie<\/strong><strong>\u0219<\/strong><strong>ti), Neam<\/strong><strong>\u021b<\/strong><strong> (Centrul <\/strong><strong>\u0218<\/strong><strong>colar pentru Educa<\/strong><strong>\u021b<\/strong><strong>ie Incluziv<\/strong><strong>\u0103<\/strong><strong> Alexandru Ioan Ro<\/strong><strong>\u0219<\/strong><strong>ca)<\/strong><strong>\u00a0<\/strong>\u0219i\u00a0<strong>Bucure<\/strong><strong>\u0219<\/strong><strong>ti (DGASPC Sector 5)<\/strong>\u00a0au luat parte la aceste sesiuni.<\/p><p><img decoding=\"async\" class=\"aligncenter wp-image-2584 size-full\" src=\"https:\/\/sindromdownbacau.ro\/wp-content\/uploads\/2024\/09\/TRUPA.jpg\" alt=\"\" width=\"2048\" height=\"1356\" srcset=\"https:\/\/sindromdownbacau.ro\/wp-content\/uploads\/2024\/09\/TRUPA.jpg 2048w, https:\/\/sindromdownbacau.ro\/wp-content\/uploads\/2024\/09\/TRUPA-300x199.jpg 300w, https:\/\/sindromdownbacau.ro\/wp-content\/uploads\/2024\/09\/TRUPA-1024x678.jpg 1024w, https:\/\/sindromdownbacau.ro\/wp-content\/uploads\/2024\/09\/TRUPA-768x509.jpg 768w, https:\/\/sindromdownbacau.ro\/wp-content\/uploads\/2024\/09\/TRUPA-1536x1017.jpg 1536w, https:\/\/sindromdownbacau.ro\/wp-content\/uploads\/2024\/09\/TRUPA-24x16.jpg 24w, https:\/\/sindromdownbacau.ro\/wp-content\/uploads\/2024\/09\/TRUPA-36x24.jpg 36w, https:\/\/sindromdownbacau.ro\/wp-content\/uploads\/2024\/09\/TRUPA-48x32.jpg 48w\" sizes=\"(max-width: 2048px) 100vw, 2048px\" \/><\/p><p>\u00a0<\/p><p>\u00a0 \u00a0Un num\u0103r de 60 de sportivi au fost evalua\u021bi la disciplinele <strong>Special Smiles, Healthy Hearing, Strong Minds\u00a0<\/strong>\u0219i\u00a0<strong>Health Promotion<\/strong>\u00a0la evenimentul din 26 octombrie 2023 ce a avut loc la Centrul \u0218colar pentru Educa\u021bie Incluziv\u0103 Alexandru Ioan Ro\u0219ca. Pentru a asigura o calitate ridicat\u0103 a proiectului, voluntarii sunt instrui\u021bi \u00een domeniul lor de expertiz\u0103. Ei reprezint\u0103 coloana vertebral\u0103 a evalu\u0103rilor medicale desf\u0103\u0219urate \u00een cadrul proiectului \u0219i sunt esen\u021biali pentru implementarea cu succes a activit\u0103\u021bilor. Un num\u0103r de\u00a0<strong>35 de voluntari<\/strong>\u00a0au fost instrui\u021bi la acest eveniment (12 voluntari de la Universitatea de Medicin\u0103 \u0219i Farmacie \u201eGrigore T. Popa\u201d; 6 voluntari de la Spitalul Clinic de Recuperare Ia\u0219i, 1 voluntar Clarfon, 1 voluntar Acustic Novotel; 11 voluntari de la \u0218coala Postiliceala Sanitar\u0103 FEG Piatra Neam\u021b; 6 voluntari \u0218coala Postliceal\u0103 Sanitara CSE \u2013 Centrul de Studii European Piatra Neam\u021b).\u00a0 \u00a0Proiectul Healthy Athletes reprezint\u0103 o surs\u0103 de inspira\u021bie \u0219i sprijin pentru o via\u021b\u0103 s\u0103n\u0103toas\u0103 \u0219i echilibrat\u0103. Sesiunile de fitness, discu\u021biile interactive despre nutri\u021bie \u0219i hidratare, precum \u0219i despre s\u0103n\u0103tatea emo\u021bional\u0103 \u0219i incluziune sunt elemente cheie care demonstreaz\u0103 angajamentul proiectului \u00een \u00eembun\u0103t\u0103\u021birea calit\u0103\u021bii vie\u021bii comunit\u0103\u021bii noastre.<\/p>\t\t\t\t\t\t\t\t<\/div>\n\t\t\t\t<\/div>\n\t\t\t\t\t<\/div>\n\t\t\t\t<\/div>\n\t\t<div class=\"elementor-element elementor-element-4bdf64b e-flex e-con-boxed e-con e-parent\" data-id=\"4bdf64b\" data-element_type=\"container\" data-e-type=\"container\" data-settings=\"{&quot;_ha_eqh_enable&quot;:false}\">\n\t\t\t\t\t<div class=\"e-con-inner\">\n\t\t\t\t<div class=\"elementor-element elementor-element-1bb0adf exad-sticky-section-no exad-glass-effect-no elementor-widget elementor-widget-text-editor\" data-id=\"1bb0adf\" data-element_type=\"widget\" data-e-type=\"widget\" data-widget_type=\"text-editor.default\">\n\t\t\t\t<div class=\"elementor-widget-container\">\n\t\t\t\t\t\t\t\t\t<p><a href=\"https:\/\/specialolympics.ro\/category\/jocurile-mondiale-so-berlin-2023\/\" target=\"_blank\" rel=\"noopener\">Jocurile Mondiale Special Olympics, Berlin 2023<\/a>,<\/p><p><img decoding=\"async\" class=\"alignnone wp-image-1333 size-full\" src=\"https:\/\/sindromdownbacau.ro\/wp-content\/uploads\/2024\/02\/web-0085-BD028147.webp\" alt=\"\" width=\"2048\" height=\"1365\" srcset=\"https:\/\/sindromdownbacau.ro\/wp-content\/uploads\/2024\/02\/web-0085-BD028147.webp 2048w, https:\/\/sindromdownbacau.ro\/wp-content\/uploads\/2024\/02\/web-0085-BD028147-300x200.webp 300w, https:\/\/sindromdownbacau.ro\/wp-content\/uploads\/2024\/02\/web-0085-BD028147-1024x683.webp 1024w, https:\/\/sindromdownbacau.ro\/wp-content\/uploads\/2024\/02\/web-0085-BD028147-768x512.webp 768w, https:\/\/sindromdownbacau.ro\/wp-content\/uploads\/2024\/02\/web-0085-BD028147-1536x1024.webp 1536w, https:\/\/sindromdownbacau.ro\/wp-content\/uploads\/2024\/02\/web-0085-BD028147-24x16.webp 24w, https:\/\/sindromdownbacau.ro\/wp-content\/uploads\/2024\/02\/web-0085-BD028147-36x24.webp 36w, https:\/\/sindromdownbacau.ro\/wp-content\/uploads\/2024\/02\/web-0085-BD028147-48x32.webp 48w\" sizes=\"(max-width: 2048px) 100vw, 2048px\" \/><\/p><p><img loading=\"lazy\" decoding=\"async\" class=\"aligncenter wp-image-555\" src=\"https:\/\/sindromdownbacau.ro\/wp-content\/uploads\/2023\/12\/Berlin.jpg\" alt=\"\" width=\"2048\" height=\"1366\" srcset=\"https:\/\/sindromdownbacau.ro\/wp-content\/uploads\/2023\/12\/Berlin.jpg 1024w, https:\/\/sindromdownbacau.ro\/wp-content\/uploads\/2023\/12\/Berlin-300x200.jpg 300w, https:\/\/sindromdownbacau.ro\/wp-content\/uploads\/2023\/12\/Berlin-768x512.jpg 768w, https:\/\/sindromdownbacau.ro\/wp-content\/uploads\/2023\/12\/Berlin-24x16.jpg 24w, https:\/\/sindromdownbacau.ro\/wp-content\/uploads\/2023\/12\/Berlin-36x24.jpg 36w, https:\/\/sindromdownbacau.ro\/wp-content\/uploads\/2023\/12\/Berlin-48x32.jpg 48w\" sizes=\"(max-width: 2048px) 100vw, 2048px\" \/><\/p><p><strong>\u00a0 \u00a0Rezultatele echipei Special Olympics Rom\u00e2nia la Jocurile Mondiale de Var\u0103 Special Olympics, Berlin 2023<\/strong><\/p><p><strong>Total: 42 de medalii:<\/strong><\/p><p>Atletism \u2013 2 medalii de aur, 1 argint, dou\u0103 locuri 5<\/p><p>Bocce \u2013 1 medalie de argint (individual b\u0103ie\u021bi); locul 4 (individual fete); locul 6 la dublu mixt<\/p><p>Baschet 3 x 3 \u2013 o medalie de bronz cu echipa<\/p><p>Gimnastic\u0103 artistic\u0103 \u2013 12 medalii de aur,\u00a0 5 de argint, 3 de bronz, dou\u0103 locuri 4, dou\u0103 locuri 5<\/p><p>\u00cenot \u2013 1 medalie de aur, 3 argint<\/p><p>Judo \u2013 2 medalii de aur, 1 argint, 1 bronz<\/p><p>Patinaj role \u2013 1 medalie de aur, 4 medalii de argint, 2 medalii de bronz, dou\u0103 locuri 4<\/p><p>Tenis \u00a0\u2013 2 medalii de argint (individual \u0219i pe echipe la dublu mixt), un loc 5<\/p><p>Tenis de mas\u0103 \u2013 un loc 4 \u0219i dou\u0103 locuri 5<\/p><p><strong>ATLETISM<\/strong>\u00a0\u2013 T\u00e2rgu-Jiu:<\/p><p>Gabriela Mertescu \u2013 Medalie de argint la 200 m;<\/p><p>Andrei Ardereanu \u2013 locul 5 la mini-suli\u021b\u0103 \u0219i la 400 m<\/p><p>Sergiu Stamatoiu \u2013 Medalie de aur la 800 de m<\/p><p>Ana-Maria Chi\u021boran \u2013 Medalie de aur la mini-suli\u021b\u0103<\/p><p><strong>BOCCE \u2013 Bac\u0103u<\/strong>:<\/p><p>Darius Boghiu \u2013 Medalie de argint la simplu; locul 6 pe echipe la dublu mixt<\/p><p><img loading=\"lazy\" decoding=\"async\" class=\"alignnone wp-image-563\" src=\"https:\/\/sindromdownbacau.ro\/wp-content\/uploads\/2023\/12\/bocce.jpg\" alt=\"\" width=\"2048\" height=\"1860\" srcset=\"https:\/\/sindromdownbacau.ro\/wp-content\/uploads\/2023\/12\/bocce.jpg 1024w, https:\/\/sindromdownbacau.ro\/wp-content\/uploads\/2023\/12\/bocce-300x272.jpg 300w, https:\/\/sindromdownbacau.ro\/wp-content\/uploads\/2023\/12\/bocce-768x698.jpg 768w, https:\/\/sindromdownbacau.ro\/wp-content\/uploads\/2023\/12\/bocce-24x22.jpg 24w, https:\/\/sindromdownbacau.ro\/wp-content\/uploads\/2023\/12\/bocce-36x33.jpg 36w, https:\/\/sindromdownbacau.ro\/wp-content\/uploads\/2023\/12\/bocce-48x44.jpg 48w\" sizes=\"(max-width: 2048px) 100vw, 2048px\" \/><\/p><p>Ilinca Oteli\u021b\u0103 \u2013 Locul 4 la simplu; locul 6 pe echipe la dublu mixt<\/p><p><img loading=\"lazy\" decoding=\"async\" class=\"aligncenter wp-image-567\" src=\"https:\/\/sindromdownbacau.ro\/wp-content\/uploads\/2023\/12\/Ilinca-1024x682.webp\" alt=\"\" width=\"2048\" height=\"1365\" srcset=\"https:\/\/sindromdownbacau.ro\/wp-content\/uploads\/2023\/12\/Ilinca-1024x682.webp 1024w, https:\/\/sindromdownbacau.ro\/wp-content\/uploads\/2023\/12\/Ilinca-300x200.webp 300w, https:\/\/sindromdownbacau.ro\/wp-content\/uploads\/2023\/12\/Ilinca-768x512.webp 768w, https:\/\/sindromdownbacau.ro\/wp-content\/uploads\/2023\/12\/Ilinca-1536x1024.webp 1536w, https:\/\/sindromdownbacau.ro\/wp-content\/uploads\/2023\/12\/Ilinca-2048x1365.webp 2048w, https:\/\/sindromdownbacau.ro\/wp-content\/uploads\/2023\/12\/Ilinca-24x16.webp 24w, https:\/\/sindromdownbacau.ro\/wp-content\/uploads\/2023\/12\/Ilinca-36x24.webp 36w, https:\/\/sindromdownbacau.ro\/wp-content\/uploads\/2023\/12\/Ilinca-48x32.webp 48w\" sizes=\"(max-width: 2048px) 100vw, 2048px\" \/><\/p>\t\t\t\t\t\t\t\t<\/div>\n\t\t\t\t<\/div>\n\t\t\t\t\t<\/div>\n\t\t\t\t<\/div>\n\t\t\t\t<\/div>\n\t\t","protected":false},"excerpt":{"rendered":"<p>Olimpicii ASD Bac\u0103u ASD Bac\u0103u prin membrii Oteli\u021b\u0103 Ilinca \u0219i Boghiu Darius, preg\u0103ti\u021bi de antrenorul Oteli\u021b\u0103 Florin, au participat cu succes \u00een cadrul Special Oympics Rom\u00e2nia la Jocurile Mondiale de Var\u0103 Special Oympics de la Berlin \u00een 2023. ASD Bac\u0103u prin membrii Oteli\u021b\u0103 Ilinca \u0219i Boghiu Darius, preg\u0103ti\u021bi de antrenorul Oteli\u021b\u0103 Florin, au participat cu [&hellip;]<\/p>\n","protected":false},"author":1,"featured_media":0,"parent":0,"menu_order":0,"comment_status":"closed","ping_status":"closed","template":"","meta":{"footnotes":""},"class_list":["post-72","page","type-page","status-publish","hentry"],"_links":{"self":[{"href":"https:\/\/sindromdownbacau.ro\/index.php?rest_route=\/wp\/v2\/pages\/72","targetHints":{"allow":["GET"]}}],"collection":[{"href":"https:\/\/sindromdownbacau.ro\/index.php?rest_route=\/wp\/v2\/pages"}],"about":[{"href":"https:\/\/sindromdownbacau.ro\/index.php?rest_route=\/wp\/v2\/types\/page"}],"author":[{"embeddable":true,"href":"https:\/\/sindromdownbacau.ro\/index.php?rest_route=\/wp\/v2\/users\/1"}],"replies":[{"embeddable":true,"href":"https:\/\/sindromdownbacau.ro\/index.php?rest_route=%2Fwp%2Fv2%2Fcomments&post=72"}],"version-history":[{"count":0,"href":"https:\/\/sindromdownbacau.ro\/index.php?rest_route=\/wp\/v2\/pages\/72\/revisions"}],"wp:attachment":[{"href":"https:\/\/sindromdownbacau.ro\/index.php?rest_route=%2Fwp%2Fv2%2Fmedia&parent=72"}],"curies":[{"name":"wp","href":"https:\/\/api.w.org\/{rel}","templated":true}]}}